{"id":344,"date":"2024-06-07T10:23:40","date_gmt":"2024-06-07T15:23:40","guid":{"rendered":"https:\/\/escuelassegurasysaludables.nvariz.com\/?page_id=344"},"modified":"2024-09-23T12:48:53","modified_gmt":"2024-09-23T17:48:53","slug":"diris-lima-centro","status":"publish","type":"page","link":"https:\/\/escuelassegurasysaludables.ugel03.gob.pe\/?page_id=344","title":{"rendered":"Diris Lima Centro"},"content":{"rendered":"\n<div class=\"wp-block-uagb-container uagb-block-9054d2fd alignfull uagb-is-root-container\"><div class=\"uagb-container-inner-blocks-wrap\">\n<div class=\"wp-block-uagb-container uagb-block-604e8f53\">\n<\/div>\n\n\n\n<div class=\"wp-block-uagb-container uagb-block-7c06ba42\">\n<p class=\"has-ast-global-color-1-color has-text-color has-link-color wp-elements-f94b41475c60f7725197a5f50af32d06\"><strong>CAMPA\u00d1AS DE SALUD<\/strong><\/p>\n\n\n\n<p class=\"has-text-align-left\">En un esfuerzo continuo por salvaguardar la salud infantil los ni\u00f1os reciben atenci\u00f3n m\u00e9dica en diversas especialidades, incluyendo vacunaci\u00f3n, a trav\u00e9s de campa\u00f1as de salud.<\/p>\n<\/div>\n\n\n\n<div class=\"wp-block-uagb-container uagb-block-dc69470a\">\n<p class=\"has-ast-global-color-1-color has-text-color has-link-color wp-elements-9910e78ddfbe69727073f05248f05ce4\"><strong>ORIENTACI\u00d3N A LOS ESTUDIANTES Y SUS FAMILIAS<\/strong><\/p>\n\n\n\n<p>Los especialistas y personal m\u00e9dico brindan orientaci\u00f3n a los estudiantes y sus familias sobre prevenci\u00f3n, salud mental, el adecuado lavado de manos, entre otros.<\/p>\n<\/div>\n\n\n\n<div class=\"wp-block-uagb-container uagb-block-92c3b036\">\n<\/div>\n<\/div><\/div>\n\n\n\n<div class=\"wp-block-uagb-container uagb-block-d2f49cdd alignfull uagb-is-root-container\"><div class=\"uagb-container-inner-blocks-wrap\">\n<div class=\"wp-block-uagb-container uagb-block-e3cec38a\">\n<\/div>\n\n\n\n<div class=\"wp-block-uagb-container uagb-block-332261cf\">\n<p class=\"has-ast-global-color-1-color has-text-color has-link-color wp-elements-f94b41475c60f7725197a5f50af32d06\"><strong>CAMPA\u00d1AS DE SALUD<\/strong><\/p>\n\n\n\n<p class=\"has-text-align-left\">Campa\u00f1a de desparasitaci\u00f3n a los peque\u00f1os estudiantes de la IE N.\u00b0 126 Virgen del Carmen (Magdalena del Mar).<\/p>\n<\/div>\n\n\n\n<div class=\"wp-block-uagb-container uagb-block-4ceed575\">\n<p class=\"has-ast-global-color-1-color has-text-color has-link-color wp-elements-3605a9ffa0d2c30522d0187350213700\"><\/p>\n<\/div>\n<\/div><\/div>\n\n\n\n<p><\/p>\n","protected":false},"excerpt":{"rendered":"<p>CAMPA\u00d1AS DE SALUD En un esfuerzo continuo por salvaguardar la salud infantil los ni\u00f1os reciben atenci\u00f3n m\u00e9dica en diversas especialidades, [&hellip;]<\/p>\n","protected":false},"author":2,"featured_media":0,"parent":0,"menu_order":0,"comment_status":"closed","ping_status":"closed","template":"","meta":{"_uag_custom_page_level_css":"","ub_ctt_via":"","site-sidebar-layout":"default","site-content-layout":"","ast-site-content-layout":"","site-content-style":"default","site-sidebar-style":"default","ast-global-header-display":"","ast-banner-title-visibility":"","ast-main-header-display":"","ast-hfb-above-header-display":"","ast-hfb-below-header-display":"","ast-hfb-mobile-header-display":"","site-post-title":"","ast-breadcrumbs-content":"","ast-featured-img":"","footer-sml-layout":"","theme-transparent-header-meta":"","adv-header-id-meta":"","stick-header-meta":"","header-above-stick-meta":"","header-main-stick-meta":"","header-below-stick-meta":"","astra-migrate-meta-layouts":"default","ast-page-background-enabled":"default","ast-page-background-meta":{"desktop":{"background-color":"var(--ast-global-color-4)","background-image":"","background-repeat":"repeat","background-position":"center center","background-size":"auto","background-attachment":"scroll","background-type":"","background-media":"","overlay-type":"","overlay-color":"","overlay-opacity":"","overlay-gradient":""},"tablet":{"background-color":"","background-image":"","background-repeat":"repeat","background-position":"center center","background-size":"auto","background-attachment":"scroll","background-type":"","background-media":"","overlay-type":"","overlay-color":"","overlay-opacity":"","overlay-gradient":""},"mobile":{"background-color":"","background-image":"","background-repeat":"repeat","background-position":"center center","background-size":"auto","background-attachment":"scroll","background-type":"","background-media":"","overlay-type":"","overlay-color":"","overlay-opacity":"","overlay-gradient":""}},"ast-content-background-meta":{"desktop":{"background-color":"var(--ast-global-color-5)","background-image":"","background-repeat":"repeat","background-position":"center center","background-size":"auto","background-attachment":"scroll","background-type":"","background-media":"","overlay-type":"","overlay-color":"","overlay-opacity":"","overlay-gradient":""},"tablet":{"background-color":"var(--ast-global-color-5)","background-image":"","background-repeat":"repeat","background-position":"center center","background-size":"auto","background-attachment":"scroll","background-type":"","background-media":"","overlay-type":"","overlay-color":"","overlay-opacity":"","overlay-gradient":""},"mobile":{"background-color":"var(--ast-global-color-5)","background-image":"","background-repeat":"repeat","background-position":"center center","background-size":"auto","background-attachment":"scroll","background-type":"","background-media":"","overlay-type":"","overlay-color":"","overlay-opacity":"","overlay-gradient":""}},"footnotes":""},"categories":[],"tags":[],"class_list":["post-344","page","type-page","status-publish","hentry"],"featured_image_src":null,"uagb_featured_image_src":{"full":false,"thumbnail":false,"medium":false,"medium_large":false,"large":false,"1536x1536":false,"2048x2048":false},"uagb_author_info":{"display_name":"Karen Aguilar","author_link":"https:\/\/escuelassegurasysaludables.ugel03.gob.pe\/?author=2"},"uagb_comment_info":0,"uagb_excerpt":"CAMPA\u00d1AS DE SALUD En un esfuerzo continuo por salvaguardar la salud infantil los ni\u00f1os reciben atenci\u00f3n m\u00e9dica en diversas especialidades, [&hellip;]","_links":{"self":[{"href":"https:\/\/escuelassegurasysaludables.ugel03.gob.pe\/index.php?rest_route=\/wp\/v2\/pages\/344","targetHints":{"allow":["GET"]}}],"collection":[{"href":"https:\/\/escuelassegurasysaludables.ugel03.gob.pe\/index.php?rest_route=\/wp\/v2\/pages"}],"about":[{"href":"https:\/\/escuelassegurasysaludables.ugel03.gob.pe\/index.php?rest_route=\/wp\/v2\/types\/page"}],"author":[{"embeddable":true,"href":"https:\/\/escuelassegurasysaludables.ugel03.gob.pe\/index.php?rest_route=\/wp\/v2\/users\/2"}],"replies":[{"embeddable":true,"href":"https:\/\/escuelassegurasysaludables.ugel03.gob.pe\/index.php?rest_route=%2Fwp%2Fv2%2Fcomments&post=344"}],"version-history":[{"count":17,"href":"https:\/\/escuelassegurasysaludables.ugel03.gob.pe\/index.php?rest_route=\/wp\/v2\/pages\/344\/revisions"}],"predecessor-version":[{"id":1181,"href":"https:\/\/escuelassegurasysaludables.ugel03.gob.pe\/index.php?rest_route=\/wp\/v2\/pages\/344\/revisions\/1181"}],"wp:attachment":[{"href":"https:\/\/escuelassegurasysaludables.ugel03.gob.pe\/index.php?rest_route=%2Fwp%2Fv2%2Fmedia&parent=344"}],"wp:term":[{"taxonomy":"category","embeddable":true,"href":"https:\/\/escuelassegurasysaludables.ugel03.gob.pe\/index.php?rest_route=%2Fwp%2Fv2%2Fcategories&post=344"},{"taxonomy":"post_tag","embeddable":true,"href":"https:\/\/escuelassegurasysaludables.ugel03.gob.pe\/index.php?rest_route=%2Fwp%2Fv2%2Ftags&post=344"}],"curies":[{"name":"wp","href":"https:\/\/api.w.org\/{rel}","templated":true}]}}