{"id":348,"date":"2024-06-07T10:26:18","date_gmt":"2024-06-07T15:26:18","guid":{"rendered":"https:\/\/escuelassegurasysaludables.nvariz.com\/?page_id=348"},"modified":"2024-09-23T14:58:27","modified_gmt":"2024-09-23T19:58:27","slug":"municipalidad-magdalena-del-mar-2","status":"publish","type":"page","link":"https:\/\/escuelassegurasysaludables.ugel03.gob.pe\/?page_id=348","title":{"rendered":"Municipalidad Magdalena del Mar"},"content":{"rendered":"\n<div class=\"wp-block-uagb-container uagb-block-ab13ec67 alignfull uagb-is-root-container\"><div class=\"uagb-container-inner-blocks-wrap\">\n<div class=\"wp-block-columns is-layout-flex wp-container-core-columns-is-layout-28f84493 wp-block-columns-is-layout-flex\">\n<div class=\"wp-block-column is-layout-flow wp-block-column-is-layout-flow\">\n<div class=\"wp-block-uagb-faq uagb-faq__outer-wrap uagb-block-937189bb uagb-faq-icon-row uagb-faq-layout-accordion uagb-faq-expand-first-true uagb-faq-inactive-other-true uagb-faq__wrap uagb-buttons-layout-wrap uagb-faq-equal-height\" data-faqtoggle=\"true\" role=\"tablist\">\n<div class=\"wp-block-uagb-faq-child uagb-faq-child__outer-wrap uagb-faq-item uagb-block-9fc891dc\" role=\"tab\" tabindex=\"0\"><div class=\"uagb-faq-questions-button uagb-faq-questions\"><span class=\"uagb-icon uagb-faq-icon-wrap\"><svg xmlns=\"https:\/\/www.w3.org\/2000\/svg\" viewBox=\"0 0 448 512\"><path d=\"M432 256c0 17.69-14.33 32.01-32 32.01H256v144c0 17.69-14.33 31.99-32 31.99s-32-14.3-32-31.99v-144H48c-17.67 0-32-14.32-32-32.01s14.33-31.99 32-31.99H192v-144c0-17.69 14.33-32.01 32-32.01s32 14.32 32 32.01v144h144C417.7 224 432 238.3 432 256z\"><\/path><\/svg><\/span><span class=\"uagb-icon-active uagb-faq-icon-wrap\"><svg xmlns=\"https:\/\/www.w3.org\/2000\/svg\" viewBox=\"0 0 448 512\"><path d=\"M400 288h-352c-17.69 0-32-14.32-32-32.01s14.31-31.99 32-31.99h352c17.69 0 32 14.3 32 31.99S417.7 288 400 288z\"><\/path><\/svg><\/span><span class=\"uagb-question\">Polic\u00eda Escolar y BAPE (Noticias)<\/span><\/div><div class=\"uagb-faq-content\"><p>El regidor Johan Ch\u00e1vez Sifuentes particip\u00f3 en la ceremonia de juramentaci\u00f3n de la Polic\u00eda Escolar y Brigadistas <a href=\"https:\/\/www.facebook.com\/munimagdalena\/posts\/pfbid02vU4bUk5GWnBAQet9KHvsKpzPVhzuYUH3vgXV82QNbCYB3EW9id7mv5AWQHJUdbqVl?rdid=bLiBg87W9jBIPH92\" target=\"_blank\" rel=\"noreferrer noopener\">Leer<\/a><br>El Teniente Alcalde Ricardo Fl\u00f3rez Corbera y el Regidor Johan Ch\u00e1vez Sifuentes destacaron la importancia de la seguridad y responsabilidad <a href=\"https:\/\/web.facebook.com\/share\/p\/W8c2cRNxr1GKR7kY\/\" target=\"_blank\" rel=\"noreferrer noopener\">Leer<\/a><a href=\"https:\/\/www.facebook.com\/munimagdalena\/posts\/pfbid02vU4bUk5GWnBAQet9KHvsKpzPVhzuYUH3vgXV82QNbCYB3EW9id7mv5AWQHJUdbqVl?rdid=bLiBg87W9jBIPH92 \n\n\u00a0\n\nhttps:\/\/web.facebook.com\/share\/p\/W8c2cRNxr1GKR7kY\/\n\n\u00a0\n\nhttps:\/\/web.facebook.com\/share\/p\/HrNcKXA43VVtLfVY\/\n\nhttps:\/\/web.facebook.com\/share\/p\/32jc2BbEBsuDLxi5\/\n\nhttps:\/\/web.facebook.com\/share\/p\/JLHmoZfqp7K3Apaf\/\n\nhttps:\/\/web.facebook.com\/share\/p\/CigT2ZY9RfcrxU1T\/\"><br><\/a>El regidor Johan Ch\u00e1vez Sifuentes particip\u00f3 en la ceremonia de juramentaci\u00f3n de la Polic\u00eda Escolar y Brigadistas de Gesti\u00f3n de Riesgo de la IE N\u00ba 1094 Jacarand\u00e1 <a href=\"https:\/\/web.facebook.com\/share\/p\/HrNcKXA43VVtLfVY\/\" target=\"_blank\" rel=\"noreferrer noopener\">Leer<\/a><br>Con las palabras de bienvenida de la Lic. Nilda Orihuela Galindo, Directora de la Instituci\u00f3n Educativa 012 Rep\u00fablica Dominicana <a href=\"https:\/\/web.facebook.com\/share\/p\/32jc2BbEBsuDLxi5\/\" target=\"_blank\" rel=\"noreferrer noopener\">Leer<\/a><a href=\"https:\/\/www.facebook.com\/munimagdalena\/posts\/pfbid02vU4bUk5GWnBAQet9KHvsKpzPVhzuYUH3vgXV82QNbCYB3EW9id7mv5AWQHJUdbqVl?rdid=bLiBg87W9jBIPH92 \n\n\u00a0\n\nhttps:\/\/web.facebook.com\/share\/p\/W8c2cRNxr1GKR7kY\/\n\n\u00a0\n\nhttps:\/\/web.facebook.com\/share\/p\/HrNcKXA43VVtLfVY\/\n\nhttps:\/\/web.facebook.com\/share\/p\/32jc2BbEBsuDLxi5\/\n\nhttps:\/\/web.facebook.com\/share\/p\/JLHmoZfqp7K3Apaf\/\n\nhttps:\/\/web.facebook.com\/share\/p\/CigT2ZY9RfcrxU1T\/\"><br><\/a>La Sra. Carla Robbiano particip\u00f3 en la Ceremonia de Juramentaci\u00f3n de la Polic\u00eda Escolar, Brigadistas de GDR (Gesti\u00f3n de Riesgo de Desastres), EA (Educaci\u00f3n Ambiental) <a href=\"https:\/\/web.facebook.com\/share\/p\/JLHmoZfqp7K3Apaf\/\" target=\"_blank\" rel=\"noreferrer noopener\">Leer<\/a><br>El alcalde Francis Allison, junto a sus hom\u00f3logos de las comunas de Jes\u00fas Mar\u00eda y Pueblo Libre, <a href=\"https:\/\/web.facebook.com\/share\/p\/CigT2ZY9RfcrxU1T\/\" target=\"_blank\" rel=\"noreferrer noopener\">Leer<\/a><a href=\"https:\/\/www.facebook.com\/munimagdalena\/posts\/pfbid02vU4bUk5GWnBAQet9KHvsKpzPVhzuYUH3vgXV82QNbCYB3EW9id7mv5AWQHJUdbqVl?rdid=bLiBg87W9jBIPH92 \n\n\u00a0\n\nhttps:\/\/web.facebook.com\/share\/p\/W8c2cRNxr1GKR7kY\/\n\n\u00a0\n\nhttps:\/\/web.facebook.com\/share\/p\/HrNcKXA43VVtLfVY\/\n\nhttps:\/\/web.facebook.com\/share\/p\/32jc2BbEBsuDLxi5\/\n\nhttps:\/\/web.facebook.com\/share\/p\/JLHmoZfqp7K3Apaf\/\n\nhttps:\/\/web.facebook.com\/share\/p\/CigT2ZY9RfcrxU1T\/\"><br><\/a><\/p><\/div><\/div>\n\n\n\n<div class=\"wp-block-uagb-faq-child uagb-faq-child__outer-wrap uagb-faq-item uagb-block-260ce9ae\" role=\"tab\" tabindex=\"0\"><div class=\"uagb-faq-questions-button uagb-faq-questions\"><span class=\"uagb-icon uagb-faq-icon-wrap\"><svg xmlns=\"https:\/\/www.w3.org\/2000\/svg\" viewBox=\"0 0 448 512\"><path d=\"M432 256c0 17.69-14.33 32.01-32 32.01H256v144c0 17.69-14.33 31.99-32 31.99s-32-14.3-32-31.99v-144H48c-17.67 0-32-14.32-32-32.01s14.33-31.99 32-31.99H192v-144c0-17.69 14.33-32.01 32-32.01s32 14.32 32 32.01v144h144C417.7 224 432 238.3 432 256z\"><\/path><\/svg><\/span><span class=\"uagb-icon-active uagb-faq-icon-wrap\"><svg xmlns=\"https:\/\/www.w3.org\/2000\/svg\" viewBox=\"0 0 448 512\"><path d=\"M400 288h-352c-17.69 0-32-14.32-32-32.01s14.31-31.99 32-31.99h352c17.69 0 32 14.3 32 31.99S417.7 288 400 288z\"><\/path><\/svg><\/span><span class=\"uagb-question\">Charlas de prevenci\u00f3n<\/span><\/div><div class=\"uagb-faq-content\"><p>La Corte Superior de Justicia de Lima ha implementado la campa\u00f1a \u201cEducaci\u00f3n sin Acoso\u201d en la I.E.E. Miguel Grau <a href=\"https:\/\/www.facebook.com\/share\/RERcHZunAa1wzjNQ\/?mibextid=oFDknk\" target=\"_blank\" rel=\"noreferrer noopener\">Leer<\/a><br>Campa\u00f1a escolar contra el bullying &#8220;Educaci\u00f3n sin Acoso&#8221;, dirigida a escolares de 6to de primaria, 4to y 5to de secundaria <a href=\"https:\/\/www.facebook.com\/share\/6JS249VAiDvKm1sX\/?mibextid=oFDknk\" target=\"_blank\" rel=\"noreferrer noopener\">Leer<\/a><br>I.E. N\u00b0072 San Mart\u00edn de Porres, I.E.E. Miguel Grau y la I.E. N\u00b01088 Francisco Bolognesi, en colaboraci\u00f3n con la \ud835\udde2\ud835\udde1\ud835\uddda \ud835\uddd6\ud835\uddfc\ud835\uddfb\ud835\ude03\ud835\uddf6\ud835\ude03\ud835\uddf2\ud835\uddfb\ud835\uddf0\ud835\uddf6\ud835\uddee <a href=\"https:\/\/www.facebook.com\/share\/fccQHbvTamtbkiuu\/?mibextid=oFDknk\" target=\"_blank\" rel=\"noreferrer noopener\">Leer<\/a><br>Con el apoyo del CODISEC, llevamos a cabo una charla fundamental sobre Sensibilizaci\u00f3n y Prevenci\u00f3n contra la Violencia Sexual <a href=\"https:\/\/web.facebook.com\/share\/p\/DZ4aEiA1UJcNJ6c8\/\" target=\"_blank\" rel=\"noreferrer noopener\">Leer<\/a><a href=\"https:\/\/www.facebook.com\/share\/RERcHZunAa1wzjNQ\/?mibextid=oFDknk\u00a0\n\n\u00a0\n\nhttps:\/\/www.facebook.com\/share\/6JS249VAiDvKm1sX\/?mibextid=oFDknk\u00a0\n\n\u00a0\n\nhttps:\/\/www.facebook.com\/share\/fccQHbvTamtbkiuu\/?mibextid=oFDknk\u00a0\n\n\u00a0\n\nhttps:\/\/web.facebook.com\/share\/p\/DZ4aEiA1UJcNJ6c8\/\n\nhttps:\/\/web.facebook.com\/share\/p\/nMKLZNGrJspN2gLG\/\n\nhttps:\/\/www.facebook.com\/share\/p\/FsS2Nemo3Rx4i2Kf\/\u00a0\n\n\u00a0\n\nhttps:\/\/www.facebook.com\/share\/p\/cVwBejPiQ8MJuF7R\/\u00a0\n\n\u00a0\n\nhttps:\/\/www.facebook.com\/share\/p\/srXiLNKMSKMKT2n7\/\u00a0\n\n\u00a0\n\nhttps:\/\/www.facebook.com\/share\/p\/em4LTi6hwFcGswcr\/\n\n\u00a0\n\nhttps:\/\/www.facebook.com\/share\/p\/GQwTVvBNHiy8NM3k\/\u00a0\n\n\u00a0\n\nhttps:\/\/www.facebook.com\/share\/p\/HUpD922eBqKgvwgV\/\u00a0\n\n\u00a0\n\nhttps:\/\/www.facebook.com\/share\/p\/w9idoyh8Qr1pTT3C\/\n\n\u00a0\n\nhttps:\/\/web.facebook.com\/share\/p\/k5EMXXLuFzLyTMSb\/\"><br><\/a><\/p><\/div><\/div>\n\n\n\n<div class=\"wp-block-uagb-faq-child uagb-faq-child__outer-wrap uagb-faq-item uagb-block-f9869cde\" role=\"tab\" tabindex=\"0\"><div class=\"uagb-faq-questions-button uagb-faq-questions\"><span class=\"uagb-icon uagb-faq-icon-wrap\"><svg xmlns=\"https:\/\/www.w3.org\/2000\/svg\" viewBox=\"0 0 448 512\"><path d=\"M432 256c0 17.69-14.33 32.01-32 32.01H256v144c0 17.69-14.33 31.99-32 31.99s-32-14.3-32-31.99v-144H48c-17.67 0-32-14.32-32-32.01s14.33-31.99 32-31.99H192v-144c0-17.69 14.33-32.01 32-32.01s32 14.32 32 32.01v144h144C417.7 224 432 238.3 432 256z\"><\/path><\/svg><\/span><span class=\"uagb-icon-active uagb-faq-icon-wrap\"><svg xmlns=\"https:\/\/www.w3.org\/2000\/svg\" viewBox=\"0 0 448 512\"><path d=\"M400 288h-352c-17.69 0-32-14.32-32-32.01s14.31-31.99 32-31.99h352c17.69 0 32 14.3 32 31.99S417.7 288 400 288z\"><\/path><\/svg><\/span><span class=\"uagb-question\">Pintado de colegios<\/span><\/div><div class=\"uagb-faq-content\"><p>FRANCIS ALISSON: \u201cCreemos firmemente en el derecho que tienen nuestros ni\u00f1os y j\u00f3venes a estudiar en centros educativos <a href=\"https:\/\/www.facebook.com\/share\/p\/TMfF3yhQ1ukE9cRW\/\" target=\"_blank\" rel=\"noreferrer noopener\">Leer<\/a><br>Culminaci\u00f3n de los trabajos de pintado de fachada y la instalaci\u00f3n de un toldo en el patio del colegio San Mart\u00edn de Porres <a href=\"https:\/\/www.facebook.com\/share\/p\/FAwdogFFe1dQ2Shg\/\" target=\"_blank\" rel=\"noreferrer noopener\">Leer<\/a><a href=\"https:\/\/www.facebook.com\/share\/p\/TMfF3yhQ1ukE9cRW\/\u00a0\n\n\u00a0\n\nhttps:\/\/www.facebook.com\/share\/p\/FAwdogFFe1dQ2Shg\/\u00a0\"><br><\/a><\/p><\/div><\/div>\n\n\n\n<div class=\"wp-block-uagb-faq-child uagb-faq-child__outer-wrap uagb-faq-item uagb-block-b2d20898\" role=\"tab\" tabindex=\"0\"><div class=\"uagb-faq-questions-button uagb-faq-questions\"><span class=\"uagb-icon uagb-faq-icon-wrap\"><svg xmlns=\"https:\/\/www.w3.org\/2000\/svg\" viewBox=\"0 0 448 512\"><path d=\"M432 256c0 17.69-14.33 32.01-32 32.01H256v144c0 17.69-14.33 31.99-32 31.99s-32-14.3-32-31.99v-144H48c-17.67 0-32-14.32-32-32.01s14.33-31.99 32-31.99H192v-144c0-17.69 14.33-32.01 32-32.01s32 14.32 32 32.01v144h144C417.7 224 432 238.3 432 256z\"><\/path><\/svg><\/span><span class=\"uagb-icon-active uagb-faq-icon-wrap\"><svg xmlns=\"https:\/\/www.w3.org\/2000\/svg\" viewBox=\"0 0 448 512\"><path d=\"M400 288h-352c-17.69 0-32-14.32-32-32.01s14.31-31.99 32-31.99h352c17.69 0 32 14.3 32 31.99S417.7 288 400 288z\"><\/path><\/svg><\/span><span class=\"uagb-question\">Charlas formativas y otros<\/span><\/div><div class=\"uagb-faq-content\"><p>Revive la charla sobre &#8220;Ofertas Formativas para Competencias T\u00e9cnicas&#8221; realizada por el Comit\u00e9 Distrital de Seguridad Ciudadana (CODISEC) en la I.E. San Mart\u00edn de Porres <a href=\"https:\/\/web.facebook.com\/share\/p\/5BsPdatqwmhFM5vS\/\" target=\"_blank\" rel=\"noreferrer noopener\">Leer<\/a><br>Magdalena del Mar celebraron el D\u00eda del Ni\u00f1o Peruano <a href=\"https:\/\/web.facebook.com\/share\/p\/goH6mVF6E3vota12\/\" target=\"_blank\" rel=\"noreferrer noopener\">Leer<\/a><a href=\"https:\/\/web.facebook.com\/share\/p\/5BsPdatqwmhFM5vS\/\n\nhttps:\/\/web.facebook.com\/share\/p\/goH6mVF6E3vota12\/\"><br><\/a><\/p><\/div><\/div>\n\n\n\n<div class=\"wp-block-uagb-faq-child uagb-faq-child__outer-wrap uagb-faq-item uagb-block-78b4d351\" role=\"tab\" tabindex=\"0\"><div class=\"uagb-faq-questions-button uagb-faq-questions\"><span class=\"uagb-icon uagb-faq-icon-wrap\"><svg xmlns=\"https:\/\/www.w3.org\/2000\/svg\" viewBox=\"0 0 448 512\"><path d=\"M432 256c0 17.69-14.33 32.01-32 32.01H256v144c0 17.69-14.33 31.99-32 31.99s-32-14.3-32-31.99v-144H48c-17.67 0-32-14.32-32-32.01s14.33-31.99 32-31.99H192v-144c0-17.69 14.33-32.01 32-32.01s32 14.32 32 32.01v144h144C417.7 224 432 238.3 432 256z\"><\/path><\/svg><\/span><span class=\"uagb-icon-active uagb-faq-icon-wrap\"><svg xmlns=\"https:\/\/www.w3.org\/2000\/svg\" viewBox=\"0 0 448 512\"><path d=\"M400 288h-352c-17.69 0-32-14.32-32-32.01s14.31-31.99 32-31.99h352c17.69 0 32 14.3 32 31.99S417.7 288 400 288z\"><\/path><\/svg><\/span><span class=\"uagb-question\">Notas de prensa<\/span><\/div><div class=\"uagb-faq-content\"><p>Padres de familia se suman al programa \u201cEscuela Segura\u201d para reforzar seguridad ciudadana en el distrito <a href=\"https:\/\/www.gob.pe\/institucion\/munimagdalena-lima\/noticias\/789276-padres-de-familia-se-suman-al-programa-escuela-segura-para-reforzar-seguridad-ciudadana-en-el-distrito\" target=\"_blank\" rel=\"noreferrer noopener\">Leer<\/a><br>Magdalena present\u00f3 \u201cColegios Seguros\u201d: M\u00e1s de 25 instituciones educativas vigiladas desde central de monitoreo <a href=\"https:\/\/www.gob.pe\/institucion\/munimagdalena-lima\/noticias\/922603-magdalena-presento-colegios-seguros-mas-de-25-instituciones-educativas-vigiladas-desde-central-de-monitoreo\" target=\"_blank\" rel=\"noreferrer noopener\">Leer<\/a><\/p><\/div><\/div>\n\n\n\n<div class=\"wp-block-uagb-faq-child uagb-faq-child__outer-wrap uagb-faq-item uagb-block-f5a43bac\" role=\"tab\" tabindex=\"0\"><div class=\"uagb-faq-questions-button uagb-faq-questions\"><span class=\"uagb-icon uagb-faq-icon-wrap\"><svg xmlns=\"https:\/\/www.w3.org\/2000\/svg\" viewBox=\"0 0 448 512\"><path d=\"M432 256c0 17.69-14.33 32.01-32 32.01H256v144c0 17.69-14.33 31.99-32 31.99s-32-14.3-32-31.99v-144H48c-17.67 0-32-14.32-32-32.01s14.33-31.99 32-31.99H192v-144c0-17.69 14.33-32.01 32-32.01s32 14.32 32 32.01v144h144C417.7 224 432 238.3 432 256z\"><\/path><\/svg><\/span><span class=\"uagb-icon-active uagb-faq-icon-wrap\"><svg xmlns=\"https:\/\/www.w3.org\/2000\/svg\" viewBox=\"0 0 448 512\"><path d=\"M400 288h-352c-17.69 0-32-14.32-32-32.01s14.31-31.99 32-31.99h352c17.69 0 32 14.3 32 31.99S417.7 288 400 288z\"><\/path><\/svg><\/span><span class=\"uagb-question\">Videos<\/span><\/div><div class=\"uagb-faq-content\"><p>Desde la Plaza de la Bandera en Pueblo Libre, el alcalde Francis Allison participa en la ceremonia de juramentaci\u00f3n de la Polic\u00eda Escolar y Brigadas de Autoprotecci\u00f3n Escolar (BAPES) &#8211; 2024 <a href=\"https:\/\/web.facebook.com\/share\/v\/uTP4z9mpmYVGRUsS\/\">Ver Video<\/a><\/p><\/div><\/div>\n<\/div>\n<\/div>\n<\/div>\n\n\n\n<div class=\"wp-block-uagb-container uagb-block-d53fc6b5\">\n<p class=\"has-ast-global-color-1-color has-text-color has-link-color wp-elements-366e40d2994e6d740b65d0f126ac0a30\"><strong><strong>MUNICIPALIDAD <\/strong> &#8211; C\u00c1MARAS<\/strong><\/p>\n\n\n\n<p class=\"has-text-align-left\">La Municipalidad de Magdalena del Mar vela por la seguridad de colegios p\u00fablicos y privados, gracias a c\u00e1maras de videovigilancias. Desde su central de monitoreo se puede advertir cualquier acto delictivo que podr\u00eda presentarse.&nbsp;<\/p>\n<\/div>\n\n\n\n<div class=\"wp-block-uagb-container uagb-block-09afcc68\">\n<\/div>\n\n\n\n<div class=\"wp-block-uagb-container uagb-block-eabd3dda\">\n<\/div>\n\n\n\n<div class=\"wp-block-uagb-container uagb-block-a7cf9aa4\">\n<p class=\"has-ast-global-color-1-color has-text-color has-link-color wp-elements-09052f80248e70957c2b289fdd73c741\"><strong><strong>MUNICIPALIDAD <\/strong> &#8211; PROGRAMAS DE SALUD<\/strong><\/p>\n\n\n\n<p>Los ni\u00f1os de las diferentes instituciones educativas han recibido los servicios m\u00e9dicos de la Municipalidad de Magdalena del Mar, por intermedio de la Subgerencia de Programas Sociales y Salud.<\/p>\n<\/div>\n<\/div><\/div>\n\n\n\n<div class=\"wp-block-uagb-container uagb-block-79708373 alignfull uagb-is-root-container\"><div class=\"uagb-container-inner-blocks-wrap\">\n<div class=\"wp-block-columns is-layout-flex wp-container-core-columns-is-layout-28f84493 wp-block-columns-is-layout-flex\">\n<div class=\"wp-block-column is-layout-flow wp-block-column-is-layout-flow\"><\/div>\n<\/div>\n\n\n\n<div class=\"wp-block-uagb-container uagb-block-512b48db\">\n<p class=\"has-ast-global-color-1-color has-text-color has-link-color wp-elements-0f9c53ae05f1e4c78211e084cffac1cb\"><strong><strong><strong>MUNICIPALIDAD &#8211; CHARLAS<\/strong><\/strong><\/strong><\/p>\n\n\n\n<p class=\"has-text-align-left\">Con apoyo de los representantes del Codisec de la Municipalidad de Magdalena del Mar, los padres de familia de las instituciones educativas reciben charlas sobre la importancia de ciudad nuestra salud mental.&nbsp;<\/p>\n<\/div>\n\n\n\n<div class=\"wp-block-uagb-container uagb-block-153d2be1\">\n<\/div>\n\n\n\n<div class=\"wp-block-uagb-container uagb-block-b8ad48b3\">\n<\/div>\n\n\n\n<div class=\"wp-block-uagb-container uagb-block-c0ad5d85\">\n<p><strong>MUNICIPALIDAD &#8211; BAPE<\/strong><\/p>\n\n\n\n<p>Gracias al apoyo municipal, los padres de familia, que conforman las BAPE, recibieron los chalecos que los identifica como integrantes de las Brigadas de Protecci\u00f3n Escolar.<\/p>\n<\/div>\n<\/div><\/div>\n\n\n\n<p><\/p>\n","protected":false},"excerpt":{"rendered":"<p>MUNICIPALIDAD &#8211; C\u00c1MARAS La Municipalidad de Magdalena del Mar vela por la seguridad de colegios p\u00fablicos y privados, gracias a [&hellip;]<\/p>\n","protected":false},"author":1,"featured_media":0,"parent":0,"menu_order":0,"comment_status":"closed","ping_status":"closed","template":"","meta":{"_uag_custom_page_level_css":"","ub_ctt_via":"","site-sidebar-layout":"default","site-content-layout":"","ast-site-content-layout":"","site-content-style":"default","site-sidebar-style":"default","ast-global-header-display":"","ast-banner-title-visibility":"","ast-main-header-display":"","ast-hfb-above-header-display":"","ast-hfb-below-header-display":"","ast-hfb-mobile-header-display":"","site-post-title":"","ast-breadcrumbs-content":"","ast-featured-img":"","footer-sml-layout":"","theme-transparent-header-meta":"","adv-header-id-meta":"","stick-header-meta":"","header-above-stick-meta":"","header-main-stick-meta":"","header-below-stick-meta":"","astra-migrate-meta-layouts":"default","ast-page-background-enabled":"default","ast-page-background-meta":{"desktop":{"background-color":"var(--ast-global-color-4)","background-image":"","background-repeat":"repeat","background-position":"center center","background-size":"auto","background-attachment":"scroll","background-type":"","background-media":"","overlay-type":"","overlay-color":"","overlay-opacity":"","overlay-gradient":""},"tablet":{"background-color":"","background-image":"","background-repeat":"repeat","background-position":"center center","background-size":"auto","background-attachment":"scroll","background-type":"","background-media":"","overlay-type":"","overlay-color":"","overlay-opacity":"","overlay-gradient":""},"mobile":{"background-color":"","background-image":"","background-repeat":"repeat","background-position":"center center","background-size":"auto","background-attachment":"scroll","background-type":"","background-media":"","overlay-type":"","overlay-color":"","overlay-opacity":"","overlay-gradient":""}},"ast-content-background-meta":{"desktop":{"background-color":"var(--ast-global-color-5)","background-image":"","background-repeat":"repeat","background-position":"center center","background-size":"auto","background-attachment":"scroll","background-type":"","background-media":"","overlay-type":"","overlay-color":"","overlay-opacity":"","overlay-gradient":""},"tablet":{"background-color":"var(--ast-global-color-5)","background-image":"","background-repeat":"repeat","background-position":"center center","background-size":"auto","background-attachment":"scroll","background-type":"","background-media":"","overlay-type":"","overlay-color":"","overlay-opacity":"","overlay-gradient":""},"mobile":{"background-color":"var(--ast-global-color-5)","background-image":"","background-repeat":"repeat","background-position":"center center","background-size":"auto","background-attachment":"scroll","background-type":"","background-media":"","overlay-type":"","overlay-color":"","overlay-opacity":"","overlay-gradient":""}},"footnotes":""},"categories":[],"tags":[],"class_list":["post-348","page","type-page","status-publish","hentry"],"featured_image_src":null,"uagb_featured_image_src":{"full":false,"thumbnail":false,"medium":false,"medium_large":false,"large":false,"1536x1536":false,"2048x2048":false},"uagb_author_info":{"display_name":"apena","author_link":"https:\/\/escuelassegurasysaludables.ugel03.gob.pe\/?author=1"},"uagb_comment_info":0,"uagb_excerpt":"MUNICIPALIDAD &#8211; C\u00c1MARAS La Municipalidad de Magdalena del Mar vela por la seguridad de colegios p\u00fablicos y privados, gracias a [&hellip;]","_links":{"self":[{"href":"https:\/\/escuelassegurasysaludables.ugel03.gob.pe\/index.php?rest_route=\/wp\/v2\/pages\/348","targetHints":{"allow":["GET"]}}],"collection":[{"href":"https:\/\/escuelassegurasysaludables.ugel03.gob.pe\/index.php?rest_route=\/wp\/v2\/pages"}],"about":[{"href":"https:\/\/escuelassegurasysaludables.ugel03.gob.pe\/index.php?rest_route=\/wp\/v2\/types\/page"}],"author":[{"embeddable":true,"href":"https:\/\/escuelassegurasysaludables.ugel03.gob.pe\/index.php?rest_route=\/wp\/v2\/users\/1"}],"replies":[{"embeddable":true,"href":"https:\/\/escuelassegurasysaludables.ugel03.gob.pe\/index.php?rest_route=%2Fwp%2Fv2%2Fcomments&post=348"}],"version-history":[{"count":41,"href":"https:\/\/escuelassegurasysaludables.ugel03.gob.pe\/index.php?rest_route=\/wp\/v2\/pages\/348\/revisions"}],"predecessor-version":[{"id":1214,"href":"https:\/\/escuelassegurasysaludables.ugel03.gob.pe\/index.php?rest_route=\/wp\/v2\/pages\/348\/revisions\/1214"}],"wp:attachment":[{"href":"https:\/\/escuelassegurasysaludables.ugel03.gob.pe\/index.php?rest_route=%2Fwp%2Fv2%2Fmedia&parent=348"}],"wp:term":[{"taxonomy":"category","embeddable":true,"href":"https:\/\/escuelassegurasysaludables.ugel03.gob.pe\/index.php?rest_route=%2Fwp%2Fv2%2Fcategories&post=348"},{"taxonomy":"post_tag","embeddable":true,"href":"https:\/\/escuelassegurasysaludables.ugel03.gob.pe\/index.php?rest_route=%2Fwp%2Fv2%2Ftags&post=348"}],"curies":[{"name":"wp","href":"https:\/\/api.w.org\/{rel}","templated":true}]}}