{"id":3717,"date":"2025-04-25T16:02:41","date_gmt":"2025-04-25T21:02:41","guid":{"rendered":"https:\/\/escuelassegurasysaludables.ugel03.gob.pe\/?page_id=3717"},"modified":"2025-06-17T11:35:07","modified_gmt":"2025-06-17T16:35:07","slug":"3717-2","status":"publish","type":"page","link":"https:\/\/escuelassegurasysaludables.ugel03.gob.pe\/?page_id=3717","title":{"rendered":"ESTAMOS CONTIGO, ESCUELA"},"content":{"rendered":"\n<p>ESTAMOS CONTIGO, ESCUELA<\/p>\n\n\n\n<p>Es una estrategia de la buena pr\u00e1ctica de gesti\u00f3n p\u00fablica &#8220;Escuelas Seguras y Saludables&#8221;, en la que, de manera conjunta, la Unidad de Gesti\u00f3n Educativa Local N\u00b0 03 (UGEL 03), la Direcci\u00f3n Regional de Educaci\u00f3n de Lima Metropolitana (DRELM), la Polic\u00eda Nacional del Per\u00fa (PNP) y las Municipalidades de los distritos de nuestra jurisdicci\u00f3n recorren las instituciones educativas p\u00fablicas y privadas a fin de verificar el resguardo desplegado para la seguridad de la comunidad educativa. Toda la actividad es transmitida en vivo v\u00eda Facebook, desde la cuenta de la DRELM o la UGEL 03.<\/p>\n\n\n\n<figure class=\"wp-block-image size-large is-resized\"><img loading=\"lazy\" decoding=\"async\" width=\"1024\" height=\"256\" src=\"https:\/\/escuelassegurasysaludables.ugel03.gob.pe\/wp-content\/uploads\/2025\/04\/Banner-para-web-1024x256.png\" alt=\"\" class=\"wp-image-3764\" style=\"width:1200px;height:auto\" srcset=\"https:\/\/escuelassegurasysaludables.ugel03.gob.pe\/wp-content\/uploads\/2025\/04\/Banner-para-web-1024x256.png 1024w, https:\/\/escuelassegurasysaludables.ugel03.gob.pe\/wp-content\/uploads\/2025\/04\/Banner-para-web-300x75.png 300w, https:\/\/escuelassegurasysaludables.ugel03.gob.pe\/wp-content\/uploads\/2025\/04\/Banner-para-web-768x192.png 768w, https:\/\/escuelassegurasysaludables.ugel03.gob.pe\/wp-content\/uploads\/2025\/04\/Banner-para-web.png 1200w\" sizes=\"auto, (max-width: 1024px) 100vw, 1024px\" \/><\/figure>\n\n\n\n<p>Magdalena del Mar: Miguel Grau, N.\u00b0 126 Virgen del Carmen y el Colegio Jes\u00fas M\u00edo.<\/p>\n\n\n\n<figure class=\"wp-block-embed is-type-video is-provider-youtube wp-block-embed-youtube wp-embed-aspect-16-9 wp-has-aspect-ratio\"><div class=\"wp-block-embed__wrapper\">\n<div class=\"ast-oembed-container \" style=\"height: 100%;\"><iframe loading=\"lazy\" title=\"&quot;Estamos contigo, escuela&quot; en Magdalena del Mar (17-06-25)\" width=\"500\" height=\"281\" src=\"https:\/\/www.youtube.com\/embed\/e572MBp3aaY?feature=oembed\" frameborder=\"0\" allow=\"accelerometer; autoplay; clipboard-write; encrypted-media; gyroscope; picture-in-picture; web-share\" referrerpolicy=\"strict-origin-when-cross-origin\" allowfullscreen><\/iframe><\/div>\n<\/div><\/figure>\n\n\n\n<div class=\"wp-block-columns is-layout-flex wp-container-core-columns-is-layout-28f84493 wp-block-columns-is-layout-flex\">\n<div class=\"wp-block-column is-layout-flow wp-block-column-is-layout-flow\">\n<p>Jes\u00fas Mar\u00eda: IE Diego Ferr\u00e9, Colegio Saco Oliveros e IE Teresa Gonz\u00e1lez de Fanning.<\/p>\n\n\n\n<figure class=\"wp-block-embed is-type-video is-provider-youtube wp-block-embed-youtube wp-embed-aspect-16-9 wp-has-aspect-ratio\"><div class=\"wp-block-embed__wrapper\">\n<div class=\"ast-oembed-container \" style=\"height: 100%;\"><iframe loading=\"lazy\" title=\"&quot;Estamos contigo, escuela&quot; en Jes\u00fas Mar\u00eda (26-03-25)\" width=\"500\" height=\"281\" src=\"https:\/\/www.youtube.com\/embed\/VrhYaoN_-E4?feature=oembed\" frameborder=\"0\" allow=\"accelerometer; autoplay; clipboard-write; encrypted-media; gyroscope; picture-in-picture; web-share\" referrerpolicy=\"strict-origin-when-cross-origin\" allowfullscreen><\/iframe><\/div>\n<\/div><\/figure>\n<\/div>\n\n\n\n<div class=\"wp-block-column is-layout-flow wp-block-column-is-layout-flow\">\n<p>Jes\u00fas Mar\u00eda: IE Gabriela Mistral, Colegio San Clemente e IE N.\u00b0 091 Se\u00f1or de los Milagros.<\/p>\n\n\n\n<figure class=\"wp-block-embed is-type-video is-provider-youtube wp-block-embed-youtube wp-embed-aspect-16-9 wp-has-aspect-ratio\"><div class=\"wp-block-embed__wrapper\">\n<div class=\"ast-oembed-container \" style=\"height: 100%;\"><iframe loading=\"lazy\" title=\"&quot;Estamos contigo, escuela&quot; en Jes\u00fas Mar\u00eda (02-04-25)\" width=\"500\" height=\"281\" src=\"https:\/\/www.youtube.com\/embed\/8bIPlUMpye0?feature=oembed\" frameborder=\"0\" allow=\"accelerometer; autoplay; clipboard-write; encrypted-media; gyroscope; picture-in-picture; web-share\" referrerpolicy=\"strict-origin-when-cross-origin\" allowfullscreen><\/iframe><\/div>\n<\/div><\/figure>\n<\/div>\n<\/div>\n\n\n\n<div class=\"wp-block-columns is-layout-flex wp-container-core-columns-is-layout-28f84493 wp-block-columns-is-layout-flex\">\n<div class=\"wp-block-column is-layout-flow wp-block-column-is-layout-flow\">\n<p>Bre\u00f1a: iE N.\u00b0 0002 Hermano Anselmo Mar\u00eda, Colegio Albert Einstein e IE N.\u00b0 1008 Virgen de Lourdes.<\/p>\n\n\n\n<figure class=\"wp-block-embed is-type-video is-provider-youtube wp-block-embed-youtube wp-embed-aspect-16-9 wp-has-aspect-ratio\"><div class=\"wp-block-embed__wrapper\">\n<div class=\"ast-oembed-container \" style=\"height: 100%;\"><iframe loading=\"lazy\" title=\"&quot;Estamos contigo, escuela&quot; en Bre\u00f1a (11-04-25)\" width=\"500\" height=\"281\" src=\"https:\/\/www.youtube.com\/embed\/ye3pHGNNzSo?feature=oembed\" frameborder=\"0\" allow=\"accelerometer; autoplay; clipboard-write; encrypted-media; gyroscope; picture-in-picture; web-share\" referrerpolicy=\"strict-origin-when-cross-origin\" allowfullscreen><\/iframe><\/div>\n<\/div><\/figure>\n<\/div>\n\n\n\n<div class=\"wp-block-column is-layout-flow wp-block-column-is-layout-flow\">\n<p>La Victoria: IE N.\u00b0 1110 Rep\u00fablica de Panam\u00e1, IE N.\u00b0 1030 Rep\u00fablica de Bolivia e IE N.\u00b0 1116 Hermasia Paget.<\/p>\n\n\n\n<figure class=\"wp-block-embed is-type-video is-provider-youtube wp-block-embed-youtube wp-embed-aspect-16-9 wp-has-aspect-ratio\"><div class=\"wp-block-embed__wrapper\">\n<div class=\"ast-oembed-container \" style=\"height: 100%;\"><iframe loading=\"lazy\" title=\"&quot;Estamos contigo, escuela&quot; en La Victoria (28-04-25)\" width=\"500\" height=\"281\" src=\"https:\/\/www.youtube.com\/embed\/y0jVlNv7QeQ?start=10&#038;feature=oembed\" frameborder=\"0\" allow=\"accelerometer; autoplay; clipboard-write; encrypted-media; gyroscope; picture-in-picture; web-share\" referrerpolicy=\"strict-origin-when-cross-origin\" allowfullscreen><\/iframe><\/div>\n<\/div><\/figure>\n<\/div>\n<\/div>\n","protected":false},"excerpt":{"rendered":"<p>ESTAMOS CONTIGO, ESCUELA Es una estrategia de la buena pr\u00e1ctica de gesti\u00f3n p\u00fablica &#8220;Escuelas Seguras y Saludables&#8221;, en la que, [&hellip;]<\/p>\n","protected":false},"author":2,"featured_media":0,"parent":0,"menu_order":0,"comment_status":"closed","ping_status":"closed","template":"","meta":{"_uag_custom_page_level_css":"","ub_ctt_via":"","site-sidebar-layout":"default","site-content-layout":"","ast-site-content-layout":"","site-content-style":"default","site-sidebar-style":"default","ast-global-header-display":"","ast-banner-title-visibility":"","ast-main-header-display":"","ast-hfb-above-header-display":"","ast-hfb-below-header-display":"","ast-hfb-mobile-header-display":"","site-post-title":"","ast-breadcrumbs-content":"","ast-featured-img":"","footer-sml-layout":"","theme-transparent-header-meta":"","adv-header-id-meta":"","stick-header-meta":"","header-above-stick-meta":"","header-main-stick-meta":"","header-below-stick-meta":"","astra-migrate-meta-layouts":"default","ast-page-background-enabled":"default","ast-page-background-meta":{"desktop":{"background-color":"var(--ast-global-color-4)","background-image":"","background-repeat":"repeat","background-position":"center center","background-size":"auto","background-attachment":"scroll","background-type":"","background-media":"","overlay-type":"","overlay-color":"","overlay-opacity":"","overlay-gradient":""},"tablet":{"background-color":"","background-image":"","background-repeat":"repeat","background-position":"center center","background-size":"auto","background-attachment":"scroll","background-type":"","background-media":"","overlay-type":"","overlay-color":"","overlay-opacity":"","overlay-gradient":""},"mobile":{"background-color":"","background-image":"","background-repeat":"repeat","background-position":"center center","background-size":"auto","background-attachment":"scroll","background-type":"","background-media":"","overlay-type":"","overlay-color":"","overlay-opacity":"","overlay-gradient":""}},"ast-content-background-meta":{"desktop":{"background-color":"var(--ast-global-color-5)","background-image":"","background-repeat":"repeat","background-position":"center center","background-size":"auto","background-attachment":"scroll","background-type":"","background-media":"","overlay-type":"","overlay-color":"","overlay-opacity":"","overlay-gradient":""},"tablet":{"background-color":"var(--ast-global-color-5)","background-image":"","background-repeat":"repeat","background-position":"center center","background-size":"auto","background-attachment":"scroll","background-type":"","background-media":"","overlay-type":"","overlay-color":"","overlay-opacity":"","overlay-gradient":""},"mobile":{"background-color":"var(--ast-global-color-5)","background-image":"","background-repeat":"repeat","background-position":"center center","background-size":"auto","background-attachment":"scroll","background-type":"","background-media":"","overlay-type":"","overlay-color":"","overlay-opacity":"","overlay-gradient":""}},"footnotes":""},"categories":[],"tags":[],"class_list":["post-3717","page","type-page","status-publish","hentry"],"featured_image_src":null,"uagb_featured_image_src":{"full":false,"thumbnail":false,"medium":false,"medium_large":false,"large":false,"1536x1536":false,"2048x2048":false},"uagb_author_info":{"display_name":"Karen Aguilar","author_link":"https:\/\/escuelassegurasysaludables.ugel03.gob.pe\/?author=2"},"uagb_comment_info":0,"uagb_excerpt":"ESTAMOS CONTIGO, ESCUELA Es una estrategia de la buena pr\u00e1ctica de gesti\u00f3n p\u00fablica &#8220;Escuelas Seguras y Saludables&#8221;, en la que, [&hellip;]","_links":{"self":[{"href":"https:\/\/escuelassegurasysaludables.ugel03.gob.pe\/index.php?rest_route=\/wp\/v2\/pages\/3717","targetHints":{"allow":["GET"]}}],"collection":[{"href":"https:\/\/escuelassegurasysaludables.ugel03.gob.pe\/index.php?rest_route=\/wp\/v2\/pages"}],"about":[{"href":"https:\/\/escuelassegurasysaludables.ugel03.gob.pe\/index.php?rest_route=\/wp\/v2\/types\/page"}],"author":[{"embeddable":true,"href":"https:\/\/escuelassegurasysaludables.ugel03.gob.pe\/index.php?rest_route=\/wp\/v2\/users\/2"}],"replies":[{"embeddable":true,"href":"https:\/\/escuelassegurasysaludables.ugel03.gob.pe\/index.php?rest_route=%2Fwp%2Fv2%2Fcomments&post=3717"}],"version-history":[{"count":16,"href":"https:\/\/escuelassegurasysaludables.ugel03.gob.pe\/index.php?rest_route=\/wp\/v2\/pages\/3717\/revisions"}],"predecessor-version":[{"id":4136,"href":"https:\/\/escuelassegurasysaludables.ugel03.gob.pe\/index.php?rest_route=\/wp\/v2\/pages\/3717\/revisions\/4136"}],"wp:attachment":[{"href":"https:\/\/escuelassegurasysaludables.ugel03.gob.pe\/index.php?rest_route=%2Fwp%2Fv2%2Fmedia&parent=3717"}],"wp:term":[{"taxonomy":"category","embeddable":true,"href":"https:\/\/escuelassegurasysaludables.ugel03.gob.pe\/index.php?rest_route=%2Fwp%2Fv2%2Fcategories&post=3717"},{"taxonomy":"post_tag","embeddable":true,"href":"https:\/\/escuelassegurasysaludables.ugel03.gob.pe\/index.php?rest_route=%2Fwp%2Fv2%2Ftags&post=3717"}],"curies":[{"name":"wp","href":"https:\/\/api.w.org\/{rel}","templated":true}]}}