{"id":4087,"date":"2025-06-10T09:28:54","date_gmt":"2025-06-10T14:28:54","guid":{"rendered":"https:\/\/escuelassegurasysaludables.ugel03.gob.pe\/?page_id=4087"},"modified":"2025-06-11T19:51:26","modified_gmt":"2025-06-12T00:51:26","slug":"4087-2","status":"publish","type":"page","link":"https:\/\/escuelassegurasysaludables.ugel03.gob.pe\/?page_id=4087","title":{"rendered":"POSTULACI\u00d3N 2025"},"content":{"rendered":"\n<div class=\"wp-block-uagb-container uagb-block-ca62b824 alignfull uagb-is-root-container\"><div class=\"uagb-container-inner-blocks-wrap\">\n<div class=\"wp-block-columns is-layout-flex wp-container-core-columns-is-layout-28f84493 wp-block-columns-is-layout-flex\">\n<div class=\"wp-block-column is-layout-flow wp-block-column-is-layout-flow\">\n<div class=\"wp-block-uagb-container uagb-block-4a69c2f6\">\n<p><a href=\"https:\/\/escuelassegurasysaludables.ugel03.gob.pe\/wp-content\/uploads\/2025\/06\/Indicadores-Escuela-Seguras-y-Saludables-con-rubrica-final-1.pdf\" data-type=\"link\" data-id=\"https:\/\/escuelassegurasysaludables.ugel03.gob.pe\/wp-content\/uploads\/2025\/06\/Indicadores-Escuela-Seguras-y-Saludables-con-rubrica-final-1.pdf\">Indicadores y r\u00fabricas<\/a><\/p>\n\n\n\n<p><a href=\"https:\/\/app.ugel03.gob.pe\/escuelas\/login\">Plataforma para subir evidencias<\/a><\/p>\n\n\n\n<p>Enlace a grupo de Telegram para consultas Postulaci\u00f3n a Escuelas Seguras y Saludables<\/p>\n\n\n\n<figure class=\"wp-block-image size-full is-resized\"><img loading=\"lazy\" decoding=\"async\" width=\"403\" height=\"415\" src=\"https:\/\/escuelassegurasysaludables.ugel03.gob.pe\/wp-content\/uploads\/2025\/06\/QR-TELEGRAM.png\" alt=\"\" class=\"wp-image-4088\" style=\"width:233px;height:auto\" srcset=\"https:\/\/escuelassegurasysaludables.ugel03.gob.pe\/wp-content\/uploads\/2025\/06\/QR-TELEGRAM.png 403w, https:\/\/escuelassegurasysaludables.ugel03.gob.pe\/wp-content\/uploads\/2025\/06\/QR-TELEGRAM-291x300.png 291w\" sizes=\"auto, (max-width: 403px) 100vw, 403px\" \/><\/figure>\n\n\n\n<p><\/p>\n<\/div>\n<\/div>\n\n\n\n<div class=\"wp-block-column is-layout-flow wp-block-column-is-layout-flow\">\n<figure class=\"wp-block-embed is-type-video is-provider-youtube wp-block-embed-youtube wp-embed-aspect-16-9 wp-has-aspect-ratio\"><div class=\"wp-block-embed__wrapper\">\n<div class=\"ast-oembed-container \" style=\"height: 100%;\"><iframe loading=\"lazy\" title=\"Tutorial para subir las evidencias para la certificaci\u00f3n de Escuelas Seguras y Saludables\" width=\"500\" height=\"281\" src=\"https:\/\/www.youtube.com\/embed\/aig6epjX5j0?feature=oembed\" frameborder=\"0\" allow=\"accelerometer; autoplay; clipboard-write; encrypted-media; gyroscope; picture-in-picture; web-share\" referrerpolicy=\"strict-origin-when-cross-origin\" allowfullscreen><\/iframe><\/div>\n<\/div><\/figure>\n\n\n\n<p>Mira los pasos para el ingreso a la plataforma virtual de Escuelas Seguras y Saludables \ud83c\udfeb\ud83d\udee1\ufe0f &#8211; UGEL 03, donde remitir\u00e1n (cargar) las evidencias requeridas, acorde a los indicadores del Plan, para su evaluaci\u00f3n y certificaci\u00f3n.<\/p>\n\n\n\n<div class=\"wp-block-uagb-container uagb-block-52af7564\"><\/div>\n<\/div>\n<\/div>\n<\/div><\/div>\n","protected":false},"excerpt":{"rendered":"<p>Indicadores y r\u00fabricas Plataforma para subir evidencias Enlace a grupo de Telegram para consultas Postulaci\u00f3n a Escuelas Seguras y Saludables [&hellip;]<\/p>\n","protected":false},"author":1,"featured_media":0,"parent":0,"menu_order":0,"comment_status":"closed","ping_status":"closed","template":"","meta":{"_uag_custom_page_level_css":"","ub_ctt_via":"","site-sidebar-layout":"default","site-content-layout":"","ast-site-content-layout":"","site-content-style":"default","site-sidebar-style":"default","ast-global-header-display":"","ast-banner-title-visibility":"","ast-main-header-display":"","ast-hfb-above-header-display":"","ast-hfb-below-header-display":"","ast-hfb-mobile-header-display":"","site-post-title":"","ast-breadcrumbs-content":"","ast-featured-img":"","footer-sml-layout":"","theme-transparent-header-meta":"","adv-header-id-meta":"","stick-header-meta":"","header-above-stick-meta":"","header-main-stick-meta":"","header-below-stick-meta":"","astra-migrate-meta-layouts":"default","ast-page-background-enabled":"default","ast-page-background-meta":{"desktop":{"background-color":"var(--ast-global-color-4)","background-image":"","background-repeat":"repeat","background-position":"center center","background-size":"auto","background-attachment":"scroll","background-type":"","background-media":"","overlay-type":"","overlay-color":"","overlay-opacity":"","overlay-gradient":""},"tablet":{"background-color":"","background-image":"","background-repeat":"repeat","background-position":"center center","background-size":"auto","background-attachment":"scroll","background-type":"","background-media":"","overlay-type":"","overlay-color":"","overlay-opacity":"","overlay-gradient":""},"mobile":{"background-color":"","background-image":"","background-repeat":"repeat","background-position":"center center","background-size":"auto","background-attachment":"scroll","background-type":"","background-media":"","overlay-type":"","overlay-color":"","overlay-opacity":"","overlay-gradient":""}},"ast-content-background-meta":{"desktop":{"background-color":"var(--ast-global-color-5)","background-image":"","background-repeat":"repeat","background-position":"center center","background-size":"auto","background-attachment":"scroll","background-type":"","background-media":"","overlay-type":"","overlay-color":"","overlay-opacity":"","overlay-gradient":""},"tablet":{"background-color":"var(--ast-global-color-5)","background-image":"","background-repeat":"repeat","background-position":"center center","background-size":"auto","background-attachment":"scroll","background-type":"","background-media":"","overlay-type":"","overlay-color":"","overlay-opacity":"","overlay-gradient":""},"mobile":{"background-color":"var(--ast-global-color-5)","background-image":"","background-repeat":"repeat","background-position":"center center","background-size":"auto","background-attachment":"scroll","background-type":"","background-media":"","overlay-type":"","overlay-color":"","overlay-opacity":"","overlay-gradient":""}},"footnotes":""},"categories":[],"tags":[],"class_list":["post-4087","page","type-page","status-publish","hentry"],"featured_image_src":null,"uagb_featured_image_src":{"full":false,"thumbnail":false,"medium":false,"medium_large":false,"large":false,"1536x1536":false,"2048x2048":false},"uagb_author_info":{"display_name":"apena","author_link":"https:\/\/escuelassegurasysaludables.ugel03.gob.pe\/?author=1"},"uagb_comment_info":0,"uagb_excerpt":"Indicadores y r\u00fabricas Plataforma para subir evidencias Enlace a grupo de Telegram para consultas Postulaci\u00f3n a Escuelas Seguras y Saludables [&hellip;]","_links":{"self":[{"href":"https:\/\/escuelassegurasysaludables.ugel03.gob.pe\/index.php?rest_route=\/wp\/v2\/pages\/4087","targetHints":{"allow":["GET"]}}],"collection":[{"href":"https:\/\/escuelassegurasysaludables.ugel03.gob.pe\/index.php?rest_route=\/wp\/v2\/pages"}],"about":[{"href":"https:\/\/escuelassegurasysaludables.ugel03.gob.pe\/index.php?rest_route=\/wp\/v2\/types\/page"}],"author":[{"embeddable":true,"href":"https:\/\/escuelassegurasysaludables.ugel03.gob.pe\/index.php?rest_route=\/wp\/v2\/users\/1"}],"replies":[{"embeddable":true,"href":"https:\/\/escuelassegurasysaludables.ugel03.gob.pe\/index.php?rest_route=%2Fwp%2Fv2%2Fcomments&post=4087"}],"version-history":[{"count":7,"href":"https:\/\/escuelassegurasysaludables.ugel03.gob.pe\/index.php?rest_route=\/wp\/v2\/pages\/4087\/revisions"}],"predecessor-version":[{"id":4125,"href":"https:\/\/escuelassegurasysaludables.ugel03.gob.pe\/index.php?rest_route=\/wp\/v2\/pages\/4087\/revisions\/4125"}],"wp:attachment":[{"href":"https:\/\/escuelassegurasysaludables.ugel03.gob.pe\/index.php?rest_route=%2Fwp%2Fv2%2Fmedia&parent=4087"}],"wp:term":[{"taxonomy":"category","embeddable":true,"href":"https:\/\/escuelassegurasysaludables.ugel03.gob.pe\/index.php?rest_route=%2Fwp%2Fv2%2Fcategories&post=4087"},{"taxonomy":"post_tag","embeddable":true,"href":"https:\/\/escuelassegurasysaludables.ugel03.gob.pe\/index.php?rest_route=%2Fwp%2Fv2%2Ftags&post=4087"}],"curies":[{"name":"wp","href":"https:\/\/api.w.org\/{rel}","templated":true}]}}